{"id":1025,"date":"2026-04-09T05:44:12","date_gmt":"2026-04-09T05:44:12","guid":{"rendered":"https:\/\/emilypets.com\/?post_type=product&#038;p=1025"},"modified":"2026-04-09T05:46:24","modified_gmt":"2026-04-09T05:46:24","slug":"feline-pine-litter","status":"publish","type":"product","link":"https:\/\/emilypets.com\/es\/producto\/feline-pine-litter\/","title":{"rendered":"Arena de pino para gatos"},"content":{"rendered":"<p><span style=\"color: #ffffff;\">feline pine litter<\/span><\/p>\n<table border=\"1\" cellspacing=\"0\">\n<tbody>\n<tr>\n<td valign=\"top\">Lugar de origen:<\/td>\n<td valign=\"top\">Dlian\uff0cChina<\/td>\n<\/tr>\n<tr>\n<td valign=\"top\">Marca:<\/td>\n<td valign=\"top\">Emily Mascotas<\/td>\n<\/tr>\n<\/tbody>\n<\/table>\n<p><strong>Descripci\u00f3n:<\/strong><br \/>\nLa arena para gatos Emilypets Pine est\u00e1 fabricada con madera de pino natural 100%, una opci\u00f3n sostenible y ecol\u00f3gica que aporta un aroma fresco y forestal a su hogar, a la vez que satisface eficazmente las necesidades de su gato a la hora de ir al ba\u00f1o. A diferencia de las arenas para gatos tradicionales, no contiene productos qu\u00edmicos nocivos, fragancias ni aditivos artificiales, por lo que es segura tanto para los gatos (incluso los gatitos y los que tienen las patas sensibles) como para sus due\u00f1os.<\/p>\n<p>Una de las caracter\u00edsticas m\u00e1s destacadas de nuestro pino\u00a0<a href=\"https:\/\/emilypets.com\/es\/wholesale-cat-litter\/\" target=\"_blank\" rel=\"noopener\">arena para gatos\u00a0<\/a>es su excepcional capacidad de absorci\u00f3n de olores. Las fibras naturales de pino tienen una estructura porosa \u00fanica que retiene r\u00e1pidamente el amoniaco y otros olores desagradables, en lugar de enmascararlos con olores fuertes. Esto asegura un ambiente fresco y duradero en su hogar, eliminando la necesidad de limpiezas frecuentes de la caja de arena y reduciendo las molestias de la gesti\u00f3n de olores.<\/p>\n<p><span data-font-family=\"\u5b8b\u4f53\">La arena de pino para gatos es de tipo no aglomerante. Cuando entra en contacto con el l\u00edquido, se convierte r\u00e1pidamente en polvo, por lo que debe utilizarse en una caja de arena para gatos de doble capa.<\/span><\/p>\n<p>Nuestra arena de pino para gatos es altamente biodegradable y compostable. Tras su uso, la arena sucia puede eliminarse de forma segura en la pila de compost (excluyendo los grumos con heces de gato, de acuerdo con las normas de higiene) o desecharse como residuo org\u00e1nico, reduciendo la contaminaci\u00f3n medioambiental. Tambi\u00e9n tiene una excelente absorci\u00f3n de agua: cada part\u00edcula puede absorber varias veces su peso en l\u00edquido, garantizando que la caja de arena permanezca seca y c\u00f3moda para su gato.<br \/>\nLa textura natural de pino proporciona a los gatos una experiencia c\u00f3moda al caminar y escarbar, satisfaciendo sus instintos innatos de excavaci\u00f3n. No se pega a las patas de su gato, lo que reduce la posibilidad de que la arena se acumule en su hogar. Ligera y f\u00e1cil de manejar, nuestra arena de pino para gatos es c\u00f3moda de verter y almacenar, lo que la convierte en una opci\u00f3n pr\u00e1ctica para el uso diario.<\/p>\n<p>Elija nuestra arena de pino para gatos para obtener una soluci\u00f3n segura, eficaz y ecol\u00f3gica que mantenga su hogar fresco, su gato c\u00f3modo y el planeta protegido.<br \/>\n<strong><br \/>\nAplicaciones:<\/strong><br \/>\nGatos<\/p>\n<p><strong>Especificaciones:<br \/>\n<\/strong><\/p>\n<table border=\"1\" cellspacing=\"0\">\n<tbody>\n<tr>\n<td valign=\"top\">5,5 kg<\/td>\n<td valign=\"top\">10L<\/td>\n<\/tr>\n<\/tbody>\n<\/table>\n<p><strong><br \/>\nVentaja competitiva:<\/strong><br \/>\n<strong>Arena para gatos Premium Pine: Ventajas insuperables<\/strong><br \/>\nPresentamos nuestra arena de pino premium para gatos: \u00a1un producto ecol\u00f3gico y seguro para los padres de gatos! Procedente de madera de pino natural 100%, sin productos qu\u00edmicos agresivos ni fragancias artificiales, es suave con las patas sensibles y el sistema respiratorio de tu felino, ideal para gatitos y gatos al\u00e9rgicos.<\/p>\n<p>Con un poder superior de bloqueo de olores, su estructura porosa absorbe la humedad y neutraliza los olores amoniacales al instante, manteniendo su hogar fresco durante m\u00e1s tiempo. A diferencia de las alternativas de arcilla, produce un polvo m\u00ednimo, reduciendo la contaminaci\u00f3n del aire y el desorden de los muebles.<\/p>\n<p>Los pellets ligeros son ultraconvenientes: el lecho usado se convierte en serr\u00edn, que puede tirarse por el inodoro de forma segura (consulte la normativa local) o compostarse, reduciendo las molestias de la eliminaci\u00f3n de residuos. Tambi\u00e9n es muy rentable: menos arena rinde m\u00e1s, lo que reduce las sustituciones frecuentes.<\/p>\n<p>Mejore la experiencia de su gato en la caja de arena mientras cuida del planeta.<\/p>\n<table border=\"1\" cellspacing=\"0\">\n<tbody>\n<tr>\n<td valign=\"top\">Cantidad m\u00ednima de pedido:<\/td>\n<td valign=\"top\">1*20GP(18 TONELADAS)<\/td>\n<\/tr>\n<tr>\n<td valign=\"top\">Detalles del embalaje:<\/td>\n<td valign=\"top\">Bolsa PP,Bolsa Ton,Cart\u00f3n,Bolsa de papel<\/td>\n<\/tr>\n<tr>\n<td valign=\"top\">Plazo de entrega:<\/td>\n<td valign=\"top\">En un plazo de 20 d\u00edas tras el pago<\/td>\n<\/tr>\n<tr>\n<td valign=\"top\">Condiciones de pago:<\/td>\n<td valign=\"top\">Pago por T\/T (transferencia telegr\u00e1fica)<\/td>\n<\/tr>\n<tr>\n<td valign=\"top\">Capacidad de suministro:<\/td>\n<td valign=\"top\">6.000 toneladas al mes<\/td>\n<\/tr>\n<\/tbody>\n<\/table>\n<p><img decoding=\"async\" class=\"alignleft\" src=\"https:\/\/shopcdnpro.grainajz.com\/category\/83025\/2589\/4c8205b3de34e672350cb34c0b2a6412\/1.jpg\" alt=\"pine cat litter-0\" width=\"100%\" \/><img decoding=\"async\" src=\"https:\/\/shopcdnpro.grainajz.com\/category\/83025\/2589\/7a5b3fee233dff93af6fedd777cd1b29\/6.jpg\" alt=\"6(5cede966e2).jpg\" width=\"100%\" \/><img decoding=\"async\" src=\"https:\/\/shopcdnpro.grainajz.com\/category\/83025\/2589\/cba961ec412f84531c454dd83a8832f8\/7.jpg\" alt=\"7(72e8bcbd54).jpg\" width=\"100%\" \/><img decoding=\"async\" src=\"https:\/\/shopcdnpro.grainajz.com\/category\/83025\/2589\/1fdc80e0fc375bfb90d86d6cbf9ce35b\/8.jpg\" alt=\"8(cf2aef5f74).jpg\" width=\"100%\" \/><img decoding=\"async\" src=\"https:\/\/shopcdnpro.grainajz.com\/category\/83025\/2589\/01134c2a6b17c54a450762e982b8a7f9\/imagetools0.jpg\" alt=\"9(0519eab5b7).jpg\" width=\"100%\" height=\"\" \/><\/p>\n<p><img decoding=\"async\" src=\"https:\/\/shopcdnpro.grainajz.com\/category\/83025\/2589\/e8e13f979ed4fe549964d05aec73c488\/faq1500.png\" alt=\"faq1500.png\" width=\"100%\" \/><\/p>","protected":false},"excerpt":{"rendered":"<p>- Materia prima: 100%Pino\/madera\/fibras de madera o madera mezclada<br \/>\n- 4-8Di\u00e1metro(mm): 4-8mm<br \/>\n- Longitud(mm):: 30-50mm<br \/>\n- Poder calor\u00edfico: &lt;8%<br \/>\n- Contenido en cenizas: \u22640,7%<br \/>\n- Humedad: \u226410%<br \/>\n- Densidad aparente: 600kg\/m3-750kg\/m3<br \/>\n- Paquete:<span data-font-family=\"\u5b8b\u4f53\">2.2kg\u30015.5kg<\/span>\u300115kg\u300125kg<\/p>","protected":false},"featured_media":651,"template":"","meta":[],"product_brand":[],"product_cat":[15],"product_tag":[],"class_list":{"0":"post-1025","1":"product","2":"type-product","3":"status-publish","4":"has-post-thumbnail","6":"product_cat-uncategorized","8":"first","9":"instock","10":"shipping-taxable","11":"product-type-simple"},"_links":{"self":[{"href":"https:\/\/emilypets.com\/es\/wp-json\/wp\/v2\/product\/1025","targetHints":{"allow":["GET"]}}],"collection":[{"href":"https:\/\/emilypets.com\/es\/wp-json\/wp\/v2\/product"}],"about":[{"href":"https:\/\/emilypets.com\/es\/wp-json\/wp\/v2\/types\/product"}],"wp:featuredmedia":[{"embeddable":true,"href":"https:\/\/emilypets.com\/es\/wp-json\/wp\/v2\/media\/651"}],"wp:attachment":[{"href":"https:\/\/emilypets.com\/es\/wp-json\/wp\/v2\/media?parent=1025"}],"wp:term":[{"taxonomy":"product_brand","embeddable":true,"href":"https:\/\/emilypets.com\/es\/wp-json\/wp\/v2\/product_brand?post=1025"},{"taxonomy":"product_cat","embeddable":true,"href":"https:\/\/emilypets.com\/es\/wp-json\/wp\/v2\/product_cat?post=1025"},{"taxonomy":"product_tag","embeddable":true,"href":"https:\/\/emilypets.com\/es\/wp-json\/wp\/v2\/product_tag?post=1025"}],"curies":[{"name":"wp","href":"https:\/\/api.w.org\/{rel}","templated":true}]}}