{"id":1026,"date":"2026-04-09T05:51:06","date_gmt":"2026-04-09T05:51:06","guid":{"rendered":"https:\/\/emilypets.com\/?post_type=product&#038;p=1026"},"modified":"2026-04-09T05:51:06","modified_gmt":"2026-04-09T05:51:06","slug":"bentonite-litter","status":"publish","type":"product","link":"https:\/\/emilypets.com\/es\/producto\/bentonite-litter\/","title":{"rendered":"Arena de bentonita para gatos"},"content":{"rendered":"<p><span style=\"color: #ffffff;\">bentonite litter<\/span><\/p>\n<table border=\"1\" cellspacing=\"0\">\n<tbody>\n<tr>\n<td valign=\"top\">Lugar de origen:<\/td>\n<td valign=\"top\">Dalian\uff0cChina<\/td>\n<\/tr>\n<tr>\n<td valign=\"top\">Marca:<\/td>\n<td valign=\"top\">Emily Mascotas<\/td>\n<\/tr>\n<\/tbody>\n<\/table>\n<p><strong><br \/>\nDescripci\u00f3n:<\/strong><br \/>\nExperience hassle-free cat care with our Premium <a href=\"https:\/\/emilypets.com\/es\/wholesale-bentonite-cat-litter\/\" target=\"_blank\" rel=\"noopener\">Arena de bentonita para gatos<\/a>, crafted to meet both you and your feline\u2019s needs. Made from 100% natural bentonite clay, this litter boasts exceptional absorption power that locks in moisture and odors instantly, keeping your home fresh and odor-free all day long.<br \/>\nOur\u00a0cat litter\u00a0forms firm, dust-free clumps in seconds upon contact with liquid, making scooping a breeze. The solid clumps won\u2019t break apart during cleaning, ensuring easy waste removal and reducing litter box maintenance time. Say goodbye to messy scattered litter\u2014its low-dust formula minimizes airborne particles, protecting your cat\u2019s respiratory health and keeping your floors clean.<br \/>\nDise\u00f1ado pensando en la comodidad de su gato, su textura fina y suave es delicada con las patas de su felino, fomentando su comportamiento natural de escarbar. No contiene productos qu\u00edmicos nocivos, fragancias ni aditivos, por lo que es seguro para gatitos, gatos mayores y gatos con piel sensible o alergias.<br \/>\nCon un excelente control de olores, nuestra arena de bentonita para gatos neutraliza el amon\u00edaco y otros olores desagradables en su origen, en lugar de enmascararlos. Un poco da para mucho: su gran capacidad de absorci\u00f3n permite cambiar la arena con menos frecuencia, ahorr\u00e1ndole tiempo y dinero. Perfecta para hogares con uno o varios gatos, esta arena ofrece un rendimiento fiable en el que puede confiar.<br \/>\nProporcione a su gato un espacio limpio y c\u00f3modo a la vez que simplifica su rutina de limpieza. Elija nuestra arena para gatos Premium Bentonite para tener un hogar m\u00e1s fresco y un gato m\u00e1s feliz.<\/p>\n<p><strong>Especificaciones:<br \/>\n<\/strong><\/p>\n<table border=\"1\" cellspacing=\"0\">\n<tbody>\n<tr>\n<td valign=\"top\">5L<\/td>\n<td valign=\"top\">10L<\/td>\n<td valign=\"top\">5KG<\/td>\n<td valign=\"top\">10 kg<\/td>\n<td valign=\"top\">20 kg<\/td>\n<td valign=\"top\">25L<\/td>\n<\/tr>\n<\/tbody>\n<\/table>\n<p><strong>Ventaja competitiva:<\/strong><br \/>\nNuestra arena de bentonita para gatos se distingue en el mercado mundial de productos para mascotas por una serie de ventajas competitivas adaptadas tanto a las mascotas como a los socios internacionales. Con una tecnolog\u00eda de aglomeraci\u00f3n r\u00e1pida y s\u00f3lida como una roca, retiene la humedad al instante, lo que permite recoger sin esfuerzo, reducir los residuos y prolongar la frescura de la caja de arena. Gracias a los minerales naturales de bentonita de alta pureza, ofrece una excepcional absorci\u00f3n de olores, neutralizando los olores desagradables en lugar de enmascararlos, para una frescura duradera en el hogar.<br \/>\nNuestra f\u00f3rmula ultra baja en polvo prioriza la salud: minimiza la irritaci\u00f3n respiratoria de los gatos y los propietarios, a la vez que mantiene limpios el suelo y el aire, abordando un punto clave de las arenas tradicionales. Los ingredientes no t\u00f3xicos y seguros para las mascotas cumplen las certificaciones de seguridad mundiales (incluidas las normas REACH de la UE y FDA de EE.UU.), lo que garantiza su conformidad para los mercados de exportaci\u00f3n. Adem\u00e1s, su alta capacidad de absorci\u00f3n ofrece una rentabilidad superior, ya que requiere menos recambios y reduce los costes de uso a largo plazo.<br \/>\nUn rendimiento fiable, un estricto control de calidad y un envasado apto para la exportaci\u00f3n hacen de nuestra arena de bentonita para gatos una elecci\u00f3n de confianza para distribuidores de todo el mundo, proporcionando una ventaja competitiva tanto en los canales de venta al por menor como en los de suministro a granel.<\/p>\n<table border=\"1\" cellspacing=\"0\">\n<tbody>\n<tr>\n<td valign=\"top\">Cantidad m\u00ednima de pedido:<\/td>\n<td valign=\"top\">1*20GP<\/p>\n<p>Un contenedor de 20 pies<\/td>\n<\/tr>\n<tr>\n<td valign=\"top\">Detalles del embalaje:<\/td>\n<td valign=\"top\">Bolsa PP,Bolsa Ton,Cart\u00f3n,Bolsa de papel<\/td>\n<\/tr>\n<tr>\n<td valign=\"top\">Plazo de entrega:<\/td>\n<td valign=\"top\">En un plazo de 20 d\u00edas tras el pago<\/td>\n<\/tr>\n<tr>\n<td valign=\"top\">Condiciones de pago:<\/td>\n<td valign=\"top\">Pago por T\/T (transferencia telegr\u00e1fica)<\/td>\n<\/tr>\n<tr>\n<td valign=\"top\">Capacidad de suministro:<\/td>\n<td valign=\"top\">6.000 toneladas al mes<\/td>\n<\/tr>\n<\/tbody>\n<\/table>\n<p>&nbsp;<\/p>\n<p><img decoding=\"async\" src=\"https:\/\/shopcdnpro.grainajz.com\/category\/83025\/2589\/a42f14b63a2020fbe322770f5482f922\/1.jpg\" alt=\"emilypets bentonite cat litter-0\" width=\"100%\" \/><img decoding=\"async\" src=\"https:\/\/shopcdnpro.grainajz.com\/category\/83025\/2589\/5e0a5782af7a416c73dac7831d78042b\/2.jpg\" alt=\"emilypets bentonite cat litter-1\" width=\"100%\" \/><img decoding=\"async\" src=\"https:\/\/shopcdnpro.grainajz.com\/category\/83025\/2589\/d11be1f388d23ad027ddc113429de13d\/3.jpg\" alt=\"emilypets bentonite cat litter-2\" width=\"100%\" \/><img decoding=\"async\" src=\"https:\/\/shopcdnpro.grainajz.com\/category\/83025\/2589\/c9bfb28ce0222f243f33711dac92d58a\/4.jpg\" alt=\"emilypets bentonite cat litter-3\" width=\"100%\" \/><img decoding=\"async\" src=\"https:\/\/shopcdnpro.grainajz.com\/category\/83025\/2589\/e6bdbe2130e464c53ff88f053c15bb60\/5.jpg\" alt=\"emilypets bentonite cat litter-4\" width=\"100%\" \/><img decoding=\"async\" src=\"https:\/\/shopcdnpro.grainajz.com\/category\/83025\/2589\/29573f45c4adca717859c130a5bc96d8\/6.jpg\" alt=\"emilypets bentonite cat litter-5\" width=\"100%\" \/><img decoding=\"async\" src=\"https:\/\/shopcdnpro.grainajz.com\/category\/83025\/2589\/d235206143d73e459f52aac04b3512db\/7.jpg\" alt=\"emilypets bentonite cat litter-6\" width=\"100%\" \/><img decoding=\"async\" src=\"https:\/\/shopcdnpro.grainajz.com\/category\/83025\/2589\/7ad6c56d535ff6a3736de9ddc5c9b961\/8.jpg\" alt=\"emilypets bentonite cat litter-7\" width=\"100%\" \/><img decoding=\"async\" src=\"https:\/\/shopcdnpro.grainajz.com\/category\/83025\/2589\/0dc08d341bf5bf771765794188b07950\/9.jpg\" alt=\"emilypets bentonite cat litter-8\" width=\"100%\" \/><\/p>\n<p><img decoding=\"async\" src=\"https:\/\/shopcdnpro.grainajz.com\/category\/83025\/2589\/e8e13f979ed4fe549964d05aec73c488\/faq1500.png\" alt=\"emilypets bentonite cat litter-9\" width=\"100%\" \/><\/p>","protected":false},"excerpt":{"rendered":"<p>- Resistencia a la compresi\u00f3n(g): &gt;400g<br \/>\n- Absorci\u00f3n de agua: &gt;300%<br \/>\n- Gravedad espec\u00edfica (g\/ml): 0,75-0,88g\/ml<br \/>\n- Humedad: &lt;8%<br \/>\n&#8211; Package Size: 5L, 10L, 5KG, 10kg, 20kg, 25L<br \/>\n- Polvo: &lt;0,5%<br \/>\n- Fragancia: Manzana, Lim\u00f3n, Lavanda, Rosa, T\u00e9 verde, Caf\u00e9, Polvo de beb\u00e9<br \/>\n- Forma: Pelota, forma impar<\/p>","protected":false},"featured_media":634,"template":"","meta":[],"product_brand":[],"product_cat":[15],"product_tag":[],"class_list":{"0":"post-1026","1":"product","2":"type-product","3":"status-publish","4":"has-post-thumbnail","6":"product_cat-uncategorized","8":"first","9":"instock","10":"shipping-taxable","11":"product-type-simple"},"_links":{"self":[{"href":"https:\/\/emilypets.com\/es\/wp-json\/wp\/v2\/product\/1026","targetHints":{"allow":["GET"]}}],"collection":[{"href":"https:\/\/emilypets.com\/es\/wp-json\/wp\/v2\/product"}],"about":[{"href":"https:\/\/emilypets.com\/es\/wp-json\/wp\/v2\/types\/product"}],"wp:featuredmedia":[{"embeddable":true,"href":"https:\/\/emilypets.com\/es\/wp-json\/wp\/v2\/media\/634"}],"wp:attachment":[{"href":"https:\/\/emilypets.com\/es\/wp-json\/wp\/v2\/media?parent=1026"}],"wp:term":[{"taxonomy":"product_brand","embeddable":true,"href":"https:\/\/emilypets.com\/es\/wp-json\/wp\/v2\/product_brand?post=1026"},{"taxonomy":"product_cat","embeddable":true,"href":"https:\/\/emilypets.com\/es\/wp-json\/wp\/v2\/product_cat?post=1026"},{"taxonomy":"product_tag","embeddable":true,"href":"https:\/\/emilypets.com\/es\/wp-json\/wp\/v2\/product_tag?post=1026"}],"curies":[{"name":"wp","href":"https:\/\/api.w.org\/{rel}","templated":true}]}}