{"id":986,"date":"2026-04-02T06:27:28","date_gmt":"2026-04-02T06:27:28","guid":{"rendered":"https:\/\/emilypets.com\/?post_type=product&#038;p=986"},"modified":"2026-04-02T06:28:04","modified_gmt":"2026-04-02T06:28:04","slug":"best-tofu-cat-litter","status":"publish","type":"product","link":"https:\/\/emilypets.com\/es\/product\/best-tofu-cat-litter\/","title":{"rendered":"Tofu cat litter"},"content":{"rendered":"<table border=\"1\" cellspacing=\"0\">\n<tbody>\n<tr>\n<td valign=\"top\">Lugar de origen:<\/td>\n<td valign=\"top\">Dalian\uff0cChina<\/td>\n<\/tr>\n<tr>\n<td valign=\"top\">Marca:<\/td>\n<td valign=\"top\">Emily Mascotas<\/td>\n<\/tr>\n<\/tbody>\n<\/table>\n<div id=\"gd1\" class=\"pro-scroll\">\n<p><strong>Descripci\u00f3n:<\/strong><br \/>\nDescubra el m\u00e1ximo confort para su amigo felino y la mayor comodidad para usted con nuestra arena para gatos Premium Tofu. Elaborada a partir de residuos de soja natural 100%, esta\u00a0<a class=\"inkey\" href=\"https:\/\/emilypets.com\/es\/20kg-cat-global-bentonite-cat-litter\/\" target=\"_blank\" rel=\"noopener\">arena para gatos<\/a>\u00a0no es t\u00f3xico, no desprende polvo y es suave con las patas de su gato, por lo que es ideal para gatitos, gatos mayores y gatos con sistemas respiratorios sensibles. A diferencia de los lechos de arcilla tradicionales, que liberan part\u00edculas de polvo nocivas, nuestro lecho de tofu garantiza un entorno limpio y saludable tanto para usted como para su querida mascota.<\/p>\n<p>Con un rendimiento aglomerante excepcional, nuestra arena de tofu para gatos forma grumos firmes y compactos en cuesti\u00f3n de segundos tras el contacto con el l\u00edquido, lo que facilita la recogida y minimiza los residuos. La gran capacidad de aglomeraci\u00f3n tambi\u00e9n evita que la orina se filtre en la caja de arena, reduciendo eficazmente los olores en su origen. Diga adi\u00f3s a los desagradables olores a amoniaco: las propiedades de adsorci\u00f3n natural de nuestra arena retienen los olores, manteniendo su hogar fresco y libre de olores durante todo el d\u00eda.<\/p>\n<p>Ecol\u00f3gica y f\u00e1cil de eliminar, esta arena para gatos es totalmente biodegradable y se puede tirar por el inodoro. Simplemente recoja los grumos y t\u00edrelos directamente por el inodoro (en peque\u00f1as cantidades, siguiendo las directrices locales de fontaner\u00eda), eliminando la molestia de llevar pesadas bolsas de basura y reduciendo su huella de carbono. Es una opci\u00f3n sostenible que cuida del planeta a la vez que satisface las necesidades de su gato.<\/p>\n<p>Con un ligero aroma natural a soja, nuestra arena de tofu es discreta y no irritar\u00e1 el sensible olfato de su gato. Es de bajo rastreo, lo que significa que su gato no arrastrar\u00e1 part\u00edculas de arena por toda la casa, manteniendo los suelos limpios y reduciendo el trabajo de limpieza adicional. Disponible en un c\u00f3modo envase resellable, se mantiene fresca y seca, garantizando un uso duradero.<\/p>\n<p>Elija nuestra arena para gatos Premium Tofu para obtener una soluci\u00f3n segura, eficaz y respetuosa con el medio ambiente. Ofrezca a su gato la comodidad que se merece y disfrute de la tranquilidad de un hogar limpio, sano y sin olores. A su gato le encantar\u00e1 la textura suave y a usted le encantar\u00e1 el mantenimiento sin complicaciones: \u00a1todos ganan!<\/p>\n<p><strong>Especificaciones:<br \/>\n<\/strong><\/p>\n<table border=\"1\" cellspacing=\"0\">\n<tbody>\n<tr>\n<td valign=\"top\">6L<\/td>\n<td valign=\"top\">8L<\/td>\n<\/tr>\n<\/tbody>\n<\/table>\n<p><strong>Ventaja competitiva:<\/strong><br \/>\nNuestra arena de tofu para gatos destaca como opci\u00f3n de primera calidad tanto para los padres de mascotas como para los amigos felinos, ya que combina el respeto por el medio ambiente con un rendimiento excepcional. Fabricada a partir de residuos naturales de soja, es 100% biodegradable, compostable y se puede tirar de la cadena, lo que reduce la huella medioambiental y elimina la sucia eliminaci\u00f3n de residuos. Su f\u00f3rmula ultra baja en polvo protege tanto la salud respiratoria de los gatos como la calidad del aire de su hogar, manteniendo limpios suelos y muebles. Con una gran capacidad de aglomeraci\u00f3n, retiene la humedad y los olores al instante, dejando la caja de arena fresca y libre de olores durante m\u00e1s tiempo. Suave con las patas, es adecuada para gatitos, gatos mayores y mascotas con piel sensible. Ligera y f\u00e1cil de usar, simplifica el mantenimiento diario, sin tener que levantar objetos pesados ni realizar tediosas limpiezas. Elija nuestra arena de tofu para gatos para disfrutar de una soluci\u00f3n segura, c\u00f3moda y sostenible que cuida de su gato, de su hogar y del planeta.<\/p>\n<table border=\"1\" cellspacing=\"0\">\n<tbody>\n<tr>\n<td valign=\"top\">Cantidad m\u00ednima de pedido:<\/td>\n<td valign=\"top\">1*20GP=18 TONELADAS<\/td>\n<\/tr>\n<tr>\n<td valign=\"top\">Detalles del embalaje:<\/td>\n<td valign=\"top\">Bolsa PP,Bolsa Ton,Cart\u00f3n,Bolsa de papel<\/td>\n<\/tr>\n<tr>\n<td valign=\"top\">Plazo de entrega:<\/td>\n<td valign=\"top\">En un plazo de 20 d\u00edas tras el pago<\/td>\n<\/tr>\n<tr>\n<td valign=\"top\">Condiciones de pago:<\/td>\n<td valign=\"top\">Pago por T\/T (transferencia telegr\u00e1fica)<\/td>\n<\/tr>\n<tr>\n<td valign=\"top\">Capacidad de suministro:<\/td>\n<td valign=\"top\">6.000 toneladas al mes<\/td>\n<\/tr>\n<\/tbody>\n<\/table>\n<p><img decoding=\"async\" src=\"https:\/\/shopcdnpro.grainajz.com\/category\/83025\/2589\/16c640daedcb9bce054b997ce42f3b2f\/d1.jpg\" alt=\"emilypets tofu cat litter606-0\" width=\"100%\" \/><img decoding=\"async\" src=\"https:\/\/shopcdnpro.grainajz.com\/category\/83025\/2589\/87a9cd828d144e351dccba8c842c2cf1\/d2.jpg\" alt=\"emilypets tofu cat litter606-1\" width=\"100%\" \/><img decoding=\"async\" src=\"https:\/\/shopcdnpro.grainajz.com\/category\/83025\/2589\/abea3545413d8542b401b8d48e2ec92b\/d3.jpg\" alt=\"emilypets tofu cat litter606-2\" width=\"100%\" \/><img decoding=\"async\" src=\"https:\/\/shopcdnpro.grainajz.com\/category\/83025\/2589\/1271c421eba7225b55a616bd5a7b9a80\/d4.jpg\" alt=\"emilypets tofu cat litter606-3\" width=\"100%\" \/><img decoding=\"async\" src=\"https:\/\/shopcdnpro.grainajz.com\/category\/83025\/2589\/dd343b5eced4d291f7f4723b26ddb389\/d5.jpg\" alt=\"emilypets tofu cat litter606-4\" width=\"100%\" \/><img decoding=\"async\" src=\"https:\/\/shopcdnpro.grainajz.com\/category\/83025\/2589\/801cc47cac3d6994314359590ae04e85\/d6.jpg\" alt=\"emilypets tofu cat litter606-5\" width=\"100%\" \/><img decoding=\"async\" src=\"https:\/\/shopcdnpro.grainajz.com\/category\/83025\/2589\/50b2fb02c5554611ea47bf3f82a02bed\/d7.jpg\" alt=\"emilypets tofu cat litter606-6\" width=\"100%\" \/><img decoding=\"async\" src=\"https:\/\/shopcdnpro.grainajz.com\/category\/83025\/2589\/28b9125b97622a175221a5b12dd7d8a9\/d8.jpeg\" alt=\"emilypets tofu cat litter606-7\" width=\"100%\" \/><\/p>\n<\/div>\n<div id=\"gd6\" class=\"pro-scroll rela-pro\">\n<div class=\"tit\">\n<h5><\/h5>\n<div class=\"page\">\n<div class=\"swiper-button-prev button-prev\" tabindex=\"0\" role=\"button\" aria-label=\"Previous slide\" aria-controls=\"swiper-wrapper-ba2bd29e3e3fdad0\"><\/div>\n<div class=\"swiper-button-next button-next\" tabindex=\"0\" role=\"button\" aria-label=\"Next slide\" aria-controls=\"swiper-wrapper-ba2bd29e3e3fdad0\"><\/div>\n<\/div>\n<\/div>\n<div class=\"list\">\n<div class=\"swiper swiper-initialized swiper-horizontal swiper-pointer-events\">\n<div id=\"swiper-wrapper-ba2bd29e3e3fdad0\" class=\"swiper-wrapper\" aria-live=\"polite\">\n<div class=\"swiper-slide swiper-slide-duplicate\" role=\"group\" data-swiper-slide-index=\"3\" aria-label=\"4 \/ 6\"><\/div>\n<div class=\"swiper-slide swiper-slide-duplicate\" role=\"group\" data-swiper-slide-index=\"4\" aria-label=\"5 \/ 6\"><\/div>\n<div class=\"swiper-slide swiper-slide-duplicate swiper-slide-prev\" role=\"group\" data-swiper-slide-index=\"5\" aria-label=\"6 \/ 6\"><\/div>\n<div class=\"swiper-slide swiper-slide-active\" role=\"group\" data-swiper-slide-index=\"0\" aria-label=\"1 \/ 6\"><\/div>\n<div class=\"swiper-slide swiper-slide-next\" role=\"group\" data-swiper-slide-index=\"1\" aria-label=\"2 \/ 6\">\n<div class=\"t\"><\/div>\n<\/div>\n<\/div>\n<\/div>\n<\/div>\n<\/div>","protected":false},"excerpt":{"rendered":"<p><strong>Emily Pets Tofu Cat Litter<\/strong><br \/>\n<strong>- Tama\u00f1o:<\/strong> Length: 10\u201330 mm, Diameter: 1.5 mm<br \/>\n<strong>\u2013 Application:<\/strong> Gatos<br \/>\n<strong>\u2013 Dust Rate:<\/strong> &lt; 3%<br \/>\n<strong>\u2013 Main Material:<\/strong> Soy Fiber<br \/>\n<strong>\u2013 Color:<\/strong> Blanco<br \/>\n<strong>\u2013 Deodorization Rate:<\/strong> 90%<br \/>\n<strong>\u2013 Water Absorption:<\/strong> &gt; 600%<br \/>\n<strong>\u2013 OEM\/ODM:<\/strong> Supported<br \/>\n<strong>\u2013 Packing:<\/strong> Customized Capacity<br \/>\n<strong>\u2013 Fragrance:<\/strong> Original, Peach, Green Tea, Lavender, Activated Charcoal, Corn<\/p>","protected":false},"featured_media":156,"comment_status":"open","ping_status":"closed","template":"","meta":[],"product_brand":[],"product_cat":[15],"product_tag":[],"class_list":{"0":"post-986","1":"product","2":"type-product","3":"status-publish","4":"has-post-thumbnail","6":"product_cat-uncategorized","8":"first","9":"instock","10":"shipping-taxable","11":"product-type-simple"},"_links":{"self":[{"href":"https:\/\/emilypets.com\/es\/wp-json\/wp\/v2\/product\/986","targetHints":{"allow":["GET"]}}],"collection":[{"href":"https:\/\/emilypets.com\/es\/wp-json\/wp\/v2\/product"}],"about":[{"href":"https:\/\/emilypets.com\/es\/wp-json\/wp\/v2\/types\/product"}],"replies":[{"embeddable":true,"href":"https:\/\/emilypets.com\/es\/wp-json\/wp\/v2\/comments?post=986"}],"wp:featuredmedia":[{"embeddable":true,"href":"https:\/\/emilypets.com\/es\/wp-json\/wp\/v2\/media\/156"}],"wp:attachment":[{"href":"https:\/\/emilypets.com\/es\/wp-json\/wp\/v2\/media?parent=986"}],"wp:term":[{"taxonomy":"product_brand","embeddable":true,"href":"https:\/\/emilypets.com\/es\/wp-json\/wp\/v2\/product_brand?post=986"},{"taxonomy":"product_cat","embeddable":true,"href":"https:\/\/emilypets.com\/es\/wp-json\/wp\/v2\/product_cat?post=986"},{"taxonomy":"product_tag","embeddable":true,"href":"https:\/\/emilypets.com\/es\/wp-json\/wp\/v2\/product_tag?post=986"}],"curies":[{"name":"wp","href":"https:\/\/api.w.org\/{rel}","templated":true}]}}